{"id":1749,"date":"2024-11-07T15:15:34","date_gmt":"2024-11-07T14:15:34","guid":{"rendered":"https:\/\/tourismer-asso.org\/?page_id=1749"},"modified":"2024-11-16T19:40:47","modified_gmt":"2024-11-16T18:40:47","slug":"tourismer-action-ocean-indien-eau","status":"publish","type":"page","link":"https:\/\/tourismer-asso.org\/en\/tourismer-action-ocean-indien-eau\/","title":{"rendered":"Tourismer Action Ocean Indien Eau"},"content":{"rendered":"<div data-elementor-type=\"wp-page\" data-elementor-id=\"1749\" class=\"elementor elementor-1749\">\n\t\t\t\t\t\t<header class=\"elementor-section elementor-top-section elementor-element elementor-element-794e4070 elementor-section-full_width elementor-section-height-min-height elementor-section-items-bottom elementor-section-height-default wpr-particle-no wpr-jarallax-no wpr-parallax-no wpr-sticky-section-no wpr-equal-height-no elementor-invisible\" data-id=\"794e4070\" data-element_type=\"section\" data-e-type=\"section\" data-settings=\"{&quot;background_background&quot;:&quot;classic&quot;,&quot;animation&quot;:&quot;fadeIn&quot;,&quot;animation_delay&quot;:50}\">\n\t\t\t\t\t\t\t<div class=\"elementor-background-overlay\"><\/div>\n\t\t\t\t\t\t\t<div class=\"elementor-container elementor-column-gap-no\">\n\t\t\t\t\t<div class=\"elementor-column elementor-col-100 elementor-top-column elementor-element elementor-element-1f0ae5c0\" data-id=\"1f0ae5c0\" data-element_type=\"column\" data-e-type=\"column\">\n\t\t\t<div class=\"elementor-widget-wrap\">\n\t\t\t\t\t\t\t<\/div>\n\t\t<\/div>\n\t\t\t\t\t<\/div>\n\t\t<\/header>\n\t\t\t\t<section class=\"elementor-section elementor-top-section elementor-element elementor-element-5d2454b2 elementor-section-boxed elementor-section-height-default elementor-section-height-default wpr-particle-no wpr-jarallax-no wpr-parallax-no wpr-sticky-section-no wpr-equal-height-no\" data-id=\"5d2454b2\" data-element_type=\"section\" data-e-type=\"section\" data-settings=\"{&quot;background_background&quot;:&quot;classic&quot;}\">\n\t\t\t\t\t\t<div class=\"elementor-container elementor-column-gap-default\">\n\t\t\t\t\t<div class=\"elementor-column elementor-col-50 elementor-top-column elementor-element elementor-element-3fa195bd elementor-invisible\" data-id=\"3fa195bd\" data-element_type=\"column\" data-e-type=\"column\" data-settings=\"{&quot;animation&quot;:&quot;fadeIn&quot;,&quot;background_background&quot;:&quot;classic&quot;}\">\n\t\t\t<div class=\"elementor-widget-wrap elementor-element-populated\">\n\t\t\t\t\t\t<div class=\"elementor-element elementor-element-29c30eb4 elementor-invisible elementor-widget elementor-widget-heading\" data-id=\"29c30eb4\" data-element_type=\"widget\" data-e-type=\"widget\" data-settings=\"{&quot;_animation&quot;:&quot;fadeIn&quot;}\" data-widget_type=\"heading.default\">\n\t\t\t\t<div class=\"elementor-widget-container\">\n\t\t\t\t\t<h2 class=\"elementor-heading-title elementor-size-default\">SUPPORTING ACCESS TO WATER in the Indian Ocean<\/h2>\t\t\t\t<\/div>\n\t\t\t\t<\/div>\n\t\t\t\t<div class=\"elementor-element elementor-element-701f627c elementor-widget-divider--view-line elementor-invisible elementor-widget elementor-widget-divider\" data-id=\"701f627c\" data-element_type=\"widget\" data-e-type=\"widget\" data-settings=\"{&quot;_animation&quot;:&quot;fadeInUp&quot;}\" data-widget_type=\"divider.default\">\n\t\t\t\t<div class=\"elementor-widget-container\">\n\t\t\t\t\t\t\t<div class=\"elementor-divider\">\n\t\t\t<span class=\"elementor-divider-separator\">\n\t\t\t\t\t\t<\/span>\n\t\t<\/div>\n\t\t\t\t\t\t<\/div>\n\t\t\t\t<\/div>\n\t\t\t\t<div class=\"elementor-element elementor-element-2dc55f25 elementor-invisible elementor-widget elementor-widget-text-editor\" data-id=\"2dc55f25\" data-element_type=\"widget\" data-e-type=\"widget\" data-settings=\"{&quot;_animation&quot;:&quot;fadeIn&quot;}\" data-widget_type=\"text-editor.default\">\n\t\t\t\t<div class=\"elementor-widget-container\">\n\t\t\t\t\t\t\t\t\t<div class=\"translate-tooltip-mtz translator-hidden\"><div class=\"translated-text\"><div class=\"sentences\">\u00a0<\/div><\/div><\/div><div><p>Access to water in the Indian Ocean is a critical issue, as the region is home to many island and coastal countries that face challenges related to the availability of potable water and infrastructure for access to water.<\/p><\/div>\t\t\t\t\t\t\t\t<\/div>\n\t\t\t\t<\/div>\n\t\t\t\t\t<\/div>\n\t\t<\/div>\n\t\t\t\t<div class=\"elementor-column elementor-col-50 elementor-top-column elementor-element elementor-element-7f4365cc\" data-id=\"7f4365cc\" data-element_type=\"column\" data-e-type=\"column\">\n\t\t\t<div class=\"elementor-widget-wrap elementor-element-populated\">\n\t\t\t\t\t\t<div class=\"elementor-element elementor-element-10b018a9 elementor-widget elementor-widget-image\" data-id=\"10b018a9\" data-element_type=\"widget\" data-e-type=\"widget\" data-widget_type=\"image.default\">\n\t\t\t\t<div class=\"elementor-widget-container\">\n\t\t\t\t\t\t\t\t\t\t\t\t\t\t\t<img fetchpriority=\"high\" decoding=\"async\" width=\"600\" height=\"400\" src=\"https:\/\/tourismer-asso.org\/wp-content\/uploads\/2024\/10\/eau-1.png\" class=\"attachment-large size-large wp-image-1269\" alt=\"\" srcset=\"https:\/\/tourismer-asso.org\/wp-content\/uploads\/2024\/10\/eau-1.png 600w, https:\/\/tourismer-asso.org\/wp-content\/uploads\/2024\/10\/eau-1-300x200.png 300w, https:\/\/tourismer-asso.org\/wp-content\/uploads\/2024\/10\/eau-1-18x12.png 18w\" sizes=\"(max-width: 600px) 100vw, 600px\" \/>\t\t\t\t\t\t\t\t\t\t\t\t\t\t\t<\/div>\n\t\t\t\t<\/div>\n\t\t\t\t\t<\/div>\n\t\t<\/div>\n\t\t\t\t\t<\/div>\n\t\t<\/section>\n\t\t\t\t<section class=\"elementor-section elementor-top-section elementor-element elementor-element-2f273ca9 elementor-section-boxed elementor-section-height-default elementor-section-height-default wpr-particle-no wpr-jarallax-no wpr-parallax-no wpr-sticky-section-no wpr-equal-height-no\" data-id=\"2f273ca9\" data-element_type=\"section\" data-e-type=\"section\" data-settings=\"{&quot;background_background&quot;:&quot;classic&quot;}\">\n\t\t\t\t\t\t<div class=\"elementor-container elementor-column-gap-default\">\n\t\t\t\t\t<div class=\"elementor-column elementor-col-100 elementor-top-column elementor-element elementor-element-131fbb66\" data-id=\"131fbb66\" data-element_type=\"column\" data-e-type=\"column\">\n\t\t\t<div class=\"elementor-widget-wrap elementor-element-populated\">\n\t\t\t\t\t\t<div class=\"elementor-element elementor-element-3c3e66ee elementor-invisible elementor-widget elementor-widget-heading\" data-id=\"3c3e66ee\" data-element_type=\"widget\" data-e-type=\"widget\" data-settings=\"{&quot;_animation&quot;:&quot;fadeIn&quot;}\" data-widget_type=\"heading.default\">\n\t\t\t\t<div class=\"elementor-widget-container\">\n\t\t\t\t\t<h2 class=\"elementor-heading-title elementor-size-default\">ENSURING SUSTAINABILITY AND RESILIENCE IN THE LIGHT OF GROWING CLIMATE IMPACT INDIA OCEAN<\/h2>\t\t\t\t<\/div>\n\t\t\t\t<\/div>\n\t\t\t\t<div class=\"elementor-element elementor-element-6af8daf elementor-invisible elementor-widget elementor-widget-text-editor\" data-id=\"6af8daf\" data-element_type=\"widget\" data-e-type=\"widget\" data-settings=\"{&quot;_animation&quot;:&quot;fadeIn&quot;}\" data-widget_type=\"text-editor.default\">\n\t\t\t\t<div class=\"elementor-widget-container\">\n\t\t\t\t\t\t\t\t\t<div class=\"translate-tooltip-mtz translator-hidden\"><div class=\"translated-text\"><div class=\"sentences\">\u00a0<\/div><\/div><\/div><div><p>The projects that caught our attention perfectly combine the\u00a0\u00a0<span class=\"ILfuVd\" lang=\"fr\"><span class=\"hgKElc\">four pillars of sustainable development:\u00a0<\/span><\/span><\/p><p><span class=\"ILfuVd\" lang=\"fr\"><span class=\"hgKElc\"><b>economic, social, environmental and institutional<\/b>.<\/span><\/span><\/p><\/div>\t\t\t\t\t\t\t\t<\/div>\n\t\t\t\t<\/div>\n\t\t\t\t\t<\/div>\n\t\t<\/div>\n\t\t\t\t\t<\/div>\n\t\t<\/section>\n\t\t\t\t<section class=\"elementor-section elementor-inner-section elementor-element elementor-element-3b09359b elementor-section-boxed elementor-section-height-default elementor-section-height-default wpr-particle-no wpr-jarallax-no wpr-parallax-no wpr-sticky-section-no wpr-equal-height-no\" data-id=\"3b09359b\" data-element_type=\"section\" data-e-type=\"section\" data-settings=\"{&quot;background_background&quot;:&quot;classic&quot;}\">\n\t\t\t\t\t\t<div class=\"elementor-container elementor-column-gap-default\">\n\t\t\t\t\t<div class=\"elementor-column elementor-col-50 elementor-inner-column elementor-element elementor-element-46612f71 elementor-invisible\" data-id=\"46612f71\" data-element_type=\"column\" data-e-type=\"column\" data-settings=\"{&quot;animation&quot;:&quot;fadeIn&quot;,&quot;animation_delay&quot;:450}\">\n\t\t\t<div class=\"elementor-widget-wrap elementor-element-populated\">\n\t\t\t\t\t\t<div class=\"elementor-element elementor-element-f67002a elementor-widget elementor-widget-image\" data-id=\"f67002a\" data-element_type=\"widget\" data-e-type=\"widget\" data-widget_type=\"image.default\">\n\t\t\t\t<div class=\"elementor-widget-container\">\n\t\t\t\t\t\t\t\t\t\t\t\t\t\t\t<img decoding=\"async\" src=\"https:\/\/tourismer-asso.org\/wp-content\/uploads\/elementor\/thumbs\/GLOBAL-PEACE-FUNDATION-MALAYSIA-qwq6gt8rx7wmj8cnnzz8vlc1ilh6g5vv6zee8j2nc0.png\" title=\"GLOBAL PEACE FUNDATION MALAYSIA\" alt=\"GLOBAL PEACE FUNDATION MALAYSIA\" class=\"elementor-animation-grow\" loading=\"lazy\" \/>\t\t\t\t\t\t\t\t\t\t\t\t\t\t\t<\/div>\n\t\t\t\t<\/div>\n\t\t\t\t<div class=\"elementor-element elementor-element-7911f311 elementor-widget elementor-widget-heading\" data-id=\"7911f311\" data-element_type=\"widget\" data-e-type=\"widget\" data-widget_type=\"heading.default\">\n\t\t\t\t<div class=\"elementor-widget-container\">\n\t\t\t\t\t<h4 class=\"elementor-heading-title elementor-size-default\">GLOBAL PEACE FUNDATION MALAYSIA<\/h4>\t\t\t\t<\/div>\n\t\t\t\t<\/div>\n\t\t\t\t<div class=\"elementor-element elementor-element-731cc35f elementor-widget-divider--view-line elementor-widget elementor-widget-divider\" data-id=\"731cc35f\" data-element_type=\"widget\" data-e-type=\"widget\" data-widget_type=\"divider.default\">\n\t\t\t\t<div class=\"elementor-widget-container\">\n\t\t\t\t\t\t\t<div class=\"elementor-divider\">\n\t\t\t<span class=\"elementor-divider-separator\">\n\t\t\t\t\t\t<\/span>\n\t\t<\/div>\n\t\t\t\t\t\t<\/div>\n\t\t\t\t<\/div>\n\t\t\t\t<div class=\"elementor-element elementor-element-e748bc1 elementor-widget elementor-widget-text-editor\" data-id=\"e748bc1\" data-element_type=\"widget\" data-e-type=\"widget\" data-widget_type=\"text-editor.default\">\n\t\t\t\t<div class=\"elementor-widget-container\">\n\t\t\t\t\t\t\t\t\t<div class=\"elementor-element elementor-element-6d5ee658 ekit-equal-height-disable de_scroll_animation_no elementor-widget elementor-widget-elementskit-image-box animated fadeInUp\" data-id=\"6d5ee658\" data-element_type=\"widget\" data-settings=\"{&quot;_animation&quot;:&quot;fadeInUp&quot;}\" data-widget_type=\"elementskit-image-box.default\"><div class=\"elementor-widget-container\"><div class=\"ekit-wid-con\"><div class=\"elementskit-info-image-box ekit-image-box text-center simple-card\"><div class=\"elementskit-box-body ekit-image-box-body\"><div class=\"elementskit-box-content ekit-image-box-body-inner\"><div class=\"elementskit-box-style-content\">Global Peace Foundation Malaysia and ConocoPhillips have decided to partner to ensure that the villagers receive a constant water supply through a fixed dam and water storage tanks. This would save many hours of work for the villagers and help them in their livelihood activities so that they can earn a stable income.<\/div><\/div><div class=\"elementskit-box-footer\"><div class=\"box-footer\"><div class=\"btn-wraper\">\u00a0<\/div><\/div><\/div><\/div><\/div><\/div><\/div><\/div><div class=\"elementor-element elementor-element-1bf86e1 de_scroll_animation_no elementor-widget elementor-widget-spacer\" data-id=\"1bf86e1\" data-element_type=\"widget\" data-widget_type=\"spacer.default\"><div class=\"elementor-widget-container\"><div class=\"elementor-spacer\">\u00a0<\/div><\/div><\/div>\t\t\t\t\t\t\t\t<\/div>\n\t\t\t\t<\/div>\n\t\t\t\t<div class=\"elementor-element elementor-element-5c46fdcb elementor-align-left elementor-invisible elementor-widget elementor-widget-button\" data-id=\"5c46fdcb\" data-element_type=\"widget\" data-e-type=\"widget\" data-settings=\"{&quot;_animation&quot;:&quot;fadeInRight&quot;,&quot;_animation_delay&quot;:200}\" data-widget_type=\"button.default\">\n\t\t\t\t<div class=\"elementor-widget-container\">\n\t\t\t\t\t\t\t\t\t<div class=\"elementor-button-wrapper\">\n\t\t\t\t\t<a class=\"elementor-button elementor-button-link elementor-size-sm\" href=\"https:\/\/globalpeace.org.my\/2023\/01\/restoring-broken-dams-and-dreams-for-kg-muk-ayun\/\" target=\"_blank\" rel=\"noopener\">\n\t\t\t\t\t\t<span class=\"elementor-button-content-wrapper\">\n\t\t\t\t\t\t\t\t\t<span class=\"elementor-button-text\">Find out<\/span>\n\t\t\t\t\t<\/span>\n\t\t\t\t\t<\/a>\n\t\t\t\t<\/div>\n\t\t\t\t\t\t\t\t<\/div>\n\t\t\t\t<\/div>\n\t\t\t\t\t<\/div>\n\t\t<\/div>\n\t\t\t\t<div class=\"elementor-column elementor-col-50 elementor-inner-column elementor-element elementor-element-6124def2 elementor-invisible\" data-id=\"6124def2\" data-element_type=\"column\" data-e-type=\"column\" data-settings=\"{&quot;animation&quot;:&quot;fadeIn&quot;,&quot;animation_delay&quot;:450}\">\n\t\t\t<div class=\"elementor-widget-wrap elementor-element-populated\">\n\t\t\t\t\t\t<div class=\"elementor-element elementor-element-3c84289 elementor-widget elementor-widget-image\" data-id=\"3c84289\" data-element_type=\"widget\" data-e-type=\"widget\" data-widget_type=\"image.default\">\n\t\t\t\t<div class=\"elementor-widget-container\">\n\t\t\t\t\t\t\t\t\t\t\t\t\t\t\t<img decoding=\"async\" src=\"https:\/\/tourismer-asso.org\/wp-content\/uploads\/elementor\/thumbs\/WATER-AID-TANZANIA-qwq6jpkuztvgby53qr2u2d07gd6x6ke2lbtai8ry5c.png\" title=\"WATER AID TANZANIA\" alt=\"WATER AID TANZANIA\" class=\"elementor-animation-grow\" loading=\"lazy\" \/>\t\t\t\t\t\t\t\t\t\t\t\t\t\t\t<\/div>\n\t\t\t\t<\/div>\n\t\t\t\t<div class=\"elementor-element elementor-element-22d944b9 elementor-widget elementor-widget-heading\" data-id=\"22d944b9\" data-element_type=\"widget\" data-e-type=\"widget\" data-widget_type=\"heading.default\">\n\t\t\t\t<div class=\"elementor-widget-container\">\n\t\t\t\t\t<h4 class=\"elementor-heading-title elementor-size-default\">WATER AID TANZANIA<\/h4>\t\t\t\t<\/div>\n\t\t\t\t<\/div>\n\t\t\t\t<div class=\"elementor-element elementor-element-357652cf elementor-widget-divider--view-line elementor-widget elementor-widget-divider\" data-id=\"357652cf\" data-element_type=\"widget\" data-e-type=\"widget\" data-widget_type=\"divider.default\">\n\t\t\t\t<div class=\"elementor-widget-container\">\n\t\t\t\t\t\t\t<div class=\"elementor-divider\">\n\t\t\t<span class=\"elementor-divider-separator\">\n\t\t\t\t\t\t<\/span>\n\t\t<\/div>\n\t\t\t\t\t\t<\/div>\n\t\t\t\t<\/div>\n\t\t\t\t<div class=\"elementor-element elementor-element-1576098a elementor-widget elementor-widget-text-editor\" data-id=\"1576098a\" data-element_type=\"widget\" data-e-type=\"widget\" data-widget_type=\"text-editor.default\">\n\t\t\t\t<div class=\"elementor-widget-container\">\n\t\t\t\t\t\t\t\t\t<p><span class=\"OYPEnA font-feature-liga-off font-feature-clig-off font-feature-calt-off text-decoration-none text-strikethrough-none\">WAT\u2019s vision is to eliminate the need for women and girls in Tanzania to walk long distances for water. We want to end the cycle of diseases caused by dirty water and poor hygiene. Tanzania shared a statement with 16 media outlets for our calls to action on World Water Day.<\/span><\/p>\t\t\t\t\t\t\t\t<\/div>\n\t\t\t\t<\/div>\n\t\t\t\t<div class=\"elementor-element elementor-element-45b5d8d2 elementor-align-left elementor-invisible elementor-widget elementor-widget-button\" data-id=\"45b5d8d2\" data-element_type=\"widget\" data-e-type=\"widget\" data-settings=\"{&quot;_animation&quot;:&quot;fadeInRight&quot;,&quot;_animation_delay&quot;:200}\" data-widget_type=\"button.default\">\n\t\t\t\t<div class=\"elementor-widget-container\">\n\t\t\t\t\t\t\t\t\t<div class=\"elementor-button-wrapper\">\n\t\t\t\t\t<a class=\"elementor-button elementor-button-link elementor-size-sm\" href=\"https:\/\/www.wateraid.org\/tz\/\" target=\"_blank\" rel=\"noopener\">\n\t\t\t\t\t\t<span class=\"elementor-button-content-wrapper\">\n\t\t\t\t\t\t\t\t\t<span class=\"elementor-button-text\">FIND OUT<\/span>\n\t\t\t\t\t<\/span>\n\t\t\t\t\t<\/a>\n\t\t\t\t<\/div>\n\t\t\t\t\t\t\t\t<\/div>\n\t\t\t\t<\/div>\n\t\t\t\t\t<\/div>\n\t\t<\/div>\n\t\t\t\t\t<\/div>\n\t\t<\/section>\n\t\t\t\t<section class=\"elementor-section elementor-top-section elementor-element elementor-element-60812aed elementor-section-boxed elementor-section-height-default elementor-section-height-default wpr-particle-no wpr-jarallax-no wpr-parallax-no wpr-sticky-section-no wpr-equal-height-no\" data-id=\"60812aed\" data-element_type=\"section\" data-e-type=\"section\" data-settings=\"{&quot;background_background&quot;:&quot;classic&quot;}\">\n\t\t\t\t\t\t<div class=\"elementor-container elementor-column-gap-default\">\n\t\t\t\t\t<div class=\"elementor-column elementor-col-100 elementor-top-column elementor-element elementor-element-204af25e\" data-id=\"204af25e\" data-element_type=\"column\" data-e-type=\"column\">\n\t\t\t<div class=\"elementor-widget-wrap\">\n\t\t\t\t\t\t\t<\/div>\n\t\t<\/div>\n\t\t\t\t\t<\/div>\n\t\t<\/section>\n\t\t\t\t<section class=\"elementor-section elementor-top-section elementor-element elementor-element-74056d7f elementor-section-boxed elementor-section-height-default elementor-section-height-default wpr-particle-no wpr-jarallax-no wpr-parallax-no wpr-sticky-section-no wpr-equal-height-no\" data-id=\"74056d7f\" data-element_type=\"section\" data-e-type=\"section\" data-settings=\"{&quot;background_background&quot;:&quot;classic&quot;}\">\n\t\t\t\t\t\t\t<div class=\"elementor-background-overlay\"><\/div>\n\t\t\t\t\t\t\t<div class=\"elementor-container elementor-column-gap-default\">\n\t\t\t\t\t<div class=\"elementor-column elementor-col-100 elementor-top-column elementor-element elementor-element-713c562a elementor-invisible\" data-id=\"713c562a\" data-element_type=\"column\" data-e-type=\"column\" data-settings=\"{&quot;animation&quot;:&quot;fadeIn&quot;}\">\n\t\t\t<div class=\"elementor-widget-wrap elementor-element-populated\">\n\t\t\t\t\t\t<div class=\"elementor-element elementor-element-724f0202 elementor-invisible elementor-widget elementor-widget-heading\" data-id=\"724f0202\" data-element_type=\"widget\" data-e-type=\"widget\" data-settings=\"{&quot;_animation&quot;:&quot;fadeIn&quot;}\" data-widget_type=\"heading.default\">\n\t\t\t\t<div class=\"elementor-widget-container\">\n\t\t\t\t\t<h2 class=\"elementor-heading-title elementor-size-default\">We encourage responsible travel in the Indian Ocean<\/h2>\t\t\t\t<\/div>\n\t\t\t\t<\/div>\n\t\t\t\t<div class=\"elementor-element elementor-element-3052b850 elementor-widget-divider--view-line elementor-invisible elementor-widget elementor-widget-divider\" data-id=\"3052b850\" data-element_type=\"widget\" data-e-type=\"widget\" data-settings=\"{&quot;_animation&quot;:&quot;fadeInUp&quot;}\" data-widget_type=\"divider.default\">\n\t\t\t\t<div class=\"elementor-widget-container\">\n\t\t\t\t\t\t\t<div class=\"elementor-divider\">\n\t\t\t<span class=\"elementor-divider-separator\">\n\t\t\t\t\t\t<\/span>\n\t\t<\/div>\n\t\t\t\t\t\t<\/div>\n\t\t\t\t<\/div>\n\t\t\t\t<div class=\"elementor-element elementor-element-655ea8c3 elementor-invisible elementor-widget elementor-widget-text-editor\" data-id=\"655ea8c3\" data-element_type=\"widget\" data-e-type=\"widget\" data-settings=\"{&quot;_animation&quot;:&quot;fadeIn&quot;,&quot;_animation_delay&quot;:100}\" data-widget_type=\"text-editor.default\">\n\t\t\t\t<div class=\"elementor-widget-container\">\n\t\t\t\t\t\t\t\t\t<p><span class=\"OYPEnA font-feature-liga-off font-feature-clig-off font-feature-calt-off text-decoration-none text-strikethrough-none\">Responsible travel in the Indian Ocean allows you to discover this region, as well as its people and culture, in an authentic way. You will have the opportunity to immerse yourself in the way of life of the inhabitants and deepen your knowledge of the neighboring countries.<\/span><\/p>\t\t\t\t\t\t\t\t<\/div>\n\t\t\t\t<\/div>\n\t\t\t\t<div class=\"elementor-element elementor-element-41e74483 elementor-align-center elementor-mobile-align-justify elementor-invisible elementor-widget elementor-widget-button\" data-id=\"41e74483\" data-element_type=\"widget\" data-e-type=\"widget\" data-settings=\"{&quot;_animation&quot;:&quot;fadeIn&quot;,&quot;_animation_delay&quot;:300}\" data-widget_type=\"button.default\">\n\t\t\t\t<div class=\"elementor-widget-container\">\n\t\t\t\t\t\t\t\t\t<div class=\"elementor-button-wrapper\">\n\t\t\t\t\t<a class=\"elementor-button elementor-button-link elementor-size-sm elementor-animation-grow\" href=\"https:\/\/www.tourismer.org\/\" target=\"_blank\" rel=\"noopener\">\n\t\t\t\t\t\t<span class=\"elementor-button-content-wrapper\">\n\t\t\t\t\t\t\t\t\t<span class=\"elementor-button-text\">Indian Ocean Responsible Tourism<\/span>\n\t\t\t\t\t<\/span>\n\t\t\t\t\t<\/a>\n\t\t\t\t<\/div>\n\t\t\t\t\t\t\t\t<\/div>\n\t\t\t\t<\/div>\n\t\t\t\t\t<\/div>\n\t\t<\/div>\n\t\t\t\t\t<\/div>\n\t\t<\/section>\n\t\t\t\t<\/div>","protected":false},"excerpt":{"rendered":"<p>SOUTENIR L&rsquo;ACC\u00e8S \u00e0 L&rsquo;EAU dans l&rsquo;Oc\u00e9an Indien \u00a0 L&rsquo;acc\u00e8s \u00e0 l&rsquo;eau dans l&rsquo;Oc\u00e9an Indien est une question cruciale, car cette r\u00e9gion abrite de nombreux pays insulaires et c\u00f4tiers qui font face \u00e0 des d\u00e9fis li\u00e9s \u00e0 la disponibilit\u00e9 de l&rsquo;eau potable et aux infrastructures pour l&rsquo;acc\u00e8s \u00e0 l&rsquo;eau. assurER la durabilit\u00e9 et la r\u00e9silience face aux impacts climatiques croissants oc\u00e9an Indien \u00a0 Les projets qui retiennent notre attention\u00a0 associent parfaitement\u00a0 les\u00a0\u00a0quatre piliers du d\u00e9veloppement durable :\u00a0 \u00e9conomique, social, environnemental et institutionnel. GLOBAL PEACE FUNDATION MALAYSIA Global Peace Foundation Malaysia et ConocoPhillips ont d\u00e9cid\u00e9 de s&rsquo;associer pour s&rsquo;assurer que les villageois re\u00e7oivent un approvisionnement en eau constant via un barrage fixe et des r\u00e9servoirs de stockage d&rsquo;eau. Cela ferait gagner beaucoup d&rsquo;heures aux villageois et les aiderait dans leurs activit\u00e9s de subsistance afin qu&rsquo;ils puissent obtenir un revenu stable.\u00a0\u00a0 Voir WATER AID TANZANIA La vision de WAT est d&rsquo;\u00e9liminer le besoin pour les femmes et les filles en Tanzanie de marcher longtemps pour l&rsquo;eau. Nous voulons mettre fin au cycle de maladies caus\u00e9es par l&rsquo;eau sale et le manque d&rsquo;hygi\u00e8ne. La Tanzanie a partag\u00e9 une d\u00e9claration avec 16 m\u00e9dias pour nos appels \u00e0 l&rsquo;action lors de la Journ\u00e9e mondiale de l&rsquo;eau. VOIR Nous encourageons le voyage responsable dans l&rsquo;oc\u00e9an indien Un voyage responsable dans l&rsquo;Oc\u00e9an Indien vous permet de d\u00e9couvrir cette r\u00e9gion, ainsi que son peuple et sa culture, de mani\u00e8re authentique. Vous aurez l&rsquo;opportunit\u00e9 de vous immerger dans le mode de vie des habitants et d&rsquo;approfondir vos connaissances sur les pays riverains. voyage responsable dans l&rsquo;oc\u00e9an indien<\/p>","protected":false},"author":1,"featured_media":0,"parent":0,"menu_order":0,"comment_status":"closed","ping_status":"closed","template":"elementor_canvas","meta":{"footnotes":""},"class_list":["post-1749","page","type-page","status-publish","hentry"],"_links":{"self":[{"href":"https:\/\/tourismer-asso.org\/en\/wp-json\/wp\/v2\/pages\/1749","targetHints":{"allow":["GET"]}}],"collection":[{"href":"https:\/\/tourismer-asso.org\/en\/wp-json\/wp\/v2\/pages"}],"about":[{"href":"https:\/\/tourismer-asso.org\/en\/wp-json\/wp\/v2\/types\/page"}],"author":[{"embeddable":true,"href":"https:\/\/tourismer-asso.org\/en\/wp-json\/wp\/v2\/users\/1"}],"replies":[{"embeddable":true,"href":"https:\/\/tourismer-asso.org\/en\/wp-json\/wp\/v2\/comments?post=1749"}],"version-history":[{"count":0,"href":"https:\/\/tourismer-asso.org\/en\/wp-json\/wp\/v2\/pages\/1749\/revisions"}],"wp:attachment":[{"href":"https:\/\/tourismer-asso.org\/en\/wp-json\/wp\/v2\/media?parent=1749"}],"curies":[{"name":"wp","href":"https:\/\/api.w.org\/{rel}","templated":true}]}}