{"id":81,"date":"2024-10-08T10:30:39","date_gmt":"2024-10-08T08:30:39","guid":{"rendered":"https:\/\/tourismer-asso.org\/?page_id=81"},"modified":"2024-12-27T09:24:26","modified_gmt":"2024-12-27T08:24:26","slug":"des-initiatives-ocean-indien","status":"publish","type":"page","link":"https:\/\/tourismer-asso.org\/en\/des-initiatives-ocean-indien\/","title":{"rendered":"Initiatives de l&rsquo;Oc\u00e9an Indien"},"content":{"rendered":"<div data-elementor-type=\"wp-page\" data-elementor-id=\"81\" class=\"elementor elementor-81\">\n\t\t\t\t\t\t<header class=\"elementor-section elementor-top-section elementor-element elementor-element-5ea19046 elementor-section-full_width elementor-section-height-min-height elementor-section-items-bottom elementor-section-height-default wpr-particle-no wpr-jarallax-no wpr-parallax-no wpr-sticky-section-no wpr-equal-height-no elementor-invisible\" data-id=\"5ea19046\" data-element_type=\"section\" data-e-type=\"section\" data-settings=\"{&quot;background_background&quot;:&quot;classic&quot;,&quot;animation&quot;:&quot;fadeIn&quot;,&quot;animation_delay&quot;:50}\">\n\t\t\t\t\t\t\t<div class=\"elementor-background-overlay\"><\/div>\n\t\t\t\t\t\t\t<div class=\"elementor-container elementor-column-gap-no\">\n\t\t\t\t\t<div class=\"elementor-column elementor-col-100 elementor-top-column elementor-element elementor-element-53025a4e\" data-id=\"53025a4e\" data-element_type=\"column\" data-e-type=\"column\">\n\t\t\t<div class=\"elementor-widget-wrap\">\n\t\t\t\t\t\t\t<\/div>\n\t\t<\/div>\n\t\t\t\t\t<\/div>\n\t\t<\/header>\n\t\t\t\t<section class=\"elementor-section elementor-top-section elementor-element elementor-element-444e62f0 elementor-section-boxed elementor-section-height-default elementor-section-height-default wpr-particle-no wpr-jarallax-no wpr-parallax-no wpr-sticky-section-no wpr-equal-height-no\" data-id=\"444e62f0\" data-element_type=\"section\" data-e-type=\"section\" data-settings=\"{&quot;background_background&quot;:&quot;classic&quot;}\">\n\t\t\t\t\t\t<div class=\"elementor-container elementor-column-gap-default\">\n\t\t\t\t\t<div class=\"elementor-column elementor-col-100 elementor-top-column elementor-element elementor-element-2cdf7422 elementor-invisible\" data-id=\"2cdf7422\" data-element_type=\"column\" data-e-type=\"column\" data-settings=\"{&quot;animation&quot;:&quot;fadeIn&quot;}\">\n\t\t\t<div class=\"elementor-widget-wrap elementor-element-populated\">\n\t\t\t\t\t\t<div class=\"elementor-element elementor-element-595dcd23 elementor-invisible elementor-widget elementor-widget-heading\" data-id=\"595dcd23\" data-element_type=\"widget\" data-e-type=\"widget\" data-settings=\"{&quot;_animation&quot;:&quot;fadeIn&quot;}\" data-widget_type=\"heading.default\">\n\t\t\t\t<div class=\"elementor-widget-container\">\n\t\t\t\t\t<h2 class=\"elementor-heading-title elementor-size-default\">Outstanding Local Initiatives<\/h2>\t\t\t\t<\/div>\n\t\t\t\t<\/div>\n\t\t\t\t<div class=\"elementor-element elementor-element-3e1a3d4c elementor-widget-divider--view-line elementor-invisible elementor-widget elementor-widget-divider\" data-id=\"3e1a3d4c\" data-element_type=\"widget\" data-e-type=\"widget\" data-settings=\"{&quot;_animation&quot;:&quot;fadeInUp&quot;}\" data-widget_type=\"divider.default\">\n\t\t\t\t<div class=\"elementor-widget-container\">\n\t\t\t\t\t\t\t<div class=\"elementor-divider\">\n\t\t\t<span class=\"elementor-divider-separator\">\n\t\t\t\t\t\t<\/span>\n\t\t<\/div>\n\t\t\t\t\t\t<\/div>\n\t\t\t\t<\/div>\n\t\t\t\t<div class=\"elementor-element elementor-element-159a4f8a elementor-invisible elementor-widget elementor-widget-text-editor\" data-id=\"159a4f8a\" data-element_type=\"widget\" data-e-type=\"widget\" data-settings=\"{&quot;_animation&quot;:&quot;fadeIn&quot;}\" data-widget_type=\"text-editor.default\">\n\t\t\t\t<div class=\"elementor-widget-container\">\n\t\t\t\t\t\t\t\t\t<h4><strong>TOURISMER <\/strong><em>Association<\/em>\u00a0 recense des initiatives locales remarquables dans les pays de l&rsquo;Oc\u00e9an Indien en mati\u00e8re d&rsquo;\u00e9ducation, de sant\u00e9, d&rsquo;alimentation, de pr\u00e9servation de la faune et de la flore, de tourisme responsable.<\/h4>\t\t\t\t\t\t\t\t<\/div>\n\t\t\t\t<\/div>\n\t\t\t\t\t<\/div>\n\t\t<\/div>\n\t\t\t\t\t<\/div>\n\t\t<\/section>\n\t\t\t\t<section class=\"elementor-section elementor-top-section elementor-element elementor-element-321d3857 elementor-reverse-mobile elementor-section-boxed elementor-section-height-default elementor-section-height-default wpr-particle-no wpr-jarallax-no wpr-parallax-no wpr-sticky-section-no wpr-equal-height-no\" data-id=\"321d3857\" data-element_type=\"section\" data-e-type=\"section\" data-settings=\"{&quot;background_background&quot;:&quot;classic&quot;}\">\n\t\t\t\t\t\t<div class=\"elementor-container elementor-column-gap-default\">\n\t\t\t\t\t<div class=\"elementor-column elementor-col-50 elementor-top-column elementor-element elementor-element-55895f71 elementor-invisible\" data-id=\"55895f71\" data-element_type=\"column\" data-e-type=\"column\" data-settings=\"{&quot;animation&quot;:&quot;fadeIn&quot;}\">\n\t\t\t<div class=\"elementor-widget-wrap elementor-element-populated\">\n\t\t\t\t\t\t<div class=\"elementor-element elementor-element-5ec85c56 elementor-invisible elementor-widget elementor-widget-text-editor\" data-id=\"5ec85c56\" data-element_type=\"widget\" data-e-type=\"widget\" data-settings=\"{&quot;_animation&quot;:&quot;fadeIn&quot;}\" data-widget_type=\"text-editor.default\">\n\t\t\t\t<div class=\"elementor-widget-container\">\n\t\t\t\t\t\t\t\t\t<p class=\"cvGsUA direction-ltr align-start para-style-body\"><span class=\"OYPEnA font-feature-liga-off font-feature-clig-off font-feature-calt-off text-decoration-none text-strikethrough-none\">The Indian Ocean represents a real contradiction. On the one hand, it is home to magnificent environments, valuable biodiversity still preserved, as well as invaluable resources and mineral wealth. On the other hand, it is faced with persistent poverty and glaring inequalities.<\/span><\/p><p class=\"cvGsUA direction-ltr align-start para-style-body\"><span class=\"OYPEnA font-feature-liga-off font-feature-clig-off font-feature-calt-off text-decoration-none text-strikethrough-none\">Although the observation is severe, it should be emphasized that beyond these challenges, many remarkable initiatives are emerging in various sectors such as health, education, food, research, innovation and tourism. responsible.<\/span><\/p>\t\t\t\t\t\t\t\t<\/div>\n\t\t\t\t<\/div>\n\t\t\t\t\t<\/div>\n\t\t<\/div>\n\t\t\t\t<div class=\"elementor-column elementor-col-50 elementor-top-column elementor-element elementor-element-fe0277b\" data-id=\"fe0277b\" data-element_type=\"column\" data-e-type=\"column\">\n\t\t\t<div class=\"elementor-widget-wrap elementor-element-populated\">\n\t\t\t\t\t\t<div class=\"elementor-element elementor-element-cf473e6 elementor-widget elementor-widget-image\" data-id=\"cf473e6\" data-element_type=\"widget\" data-e-type=\"widget\" data-widget_type=\"image.default\">\n\t\t\t\t<div class=\"elementor-widget-container\">\n\t\t\t\t\t\t\t\t\t\t\t\t\t\t\t<img fetchpriority=\"high\" decoding=\"async\" width=\"512\" height=\"512\" src=\"https:\/\/tourismer-asso.org\/wp-content\/uploads\/2024\/10\/cropped-Ocean-Indien-carte-2.png\" class=\"attachment-large size-large wp-image-514\" alt=\"\" srcset=\"https:\/\/tourismer-asso.org\/wp-content\/uploads\/2024\/10\/cropped-Ocean-Indien-carte-2.png 512w, https:\/\/tourismer-asso.org\/wp-content\/uploads\/2024\/10\/cropped-Ocean-Indien-carte-2-300x300.png 300w, https:\/\/tourismer-asso.org\/wp-content\/uploads\/2024\/10\/cropped-Ocean-Indien-carte-2-150x150.png 150w, https:\/\/tourismer-asso.org\/wp-content\/uploads\/2024\/10\/cropped-Ocean-Indien-carte-2-12x12.png 12w, https:\/\/tourismer-asso.org\/wp-content\/uploads\/2024\/10\/cropped-Ocean-Indien-carte-2-270x270.png 270w, https:\/\/tourismer-asso.org\/wp-content\/uploads\/2024\/10\/cropped-Ocean-Indien-carte-2-192x192.png 192w, https:\/\/tourismer-asso.org\/wp-content\/uploads\/2024\/10\/cropped-Ocean-Indien-carte-2-180x180.png 180w, https:\/\/tourismer-asso.org\/wp-content\/uploads\/2024\/10\/cropped-Ocean-Indien-carte-2-32x32.png 32w\" sizes=\"(max-width: 512px) 100vw, 512px\" \/>\t\t\t\t\t\t\t\t\t\t\t\t\t\t\t<\/div>\n\t\t\t\t<\/div>\n\t\t\t\t\t<\/div>\n\t\t<\/div>\n\t\t\t\t\t<\/div>\n\t\t<\/section>\n\t\t<div class=\"elementor-element elementor-element-f53434a e-flex e-con-boxed wpr-particle-no wpr-jarallax-no wpr-parallax-no wpr-sticky-section-no wpr-equal-height-no e-con e-parent\" data-id=\"f53434a\" data-element_type=\"container\" data-e-type=\"container\">\n\t\t\t\t\t<div class=\"e-con-inner\">\n\t\t\t\t<div class=\"elementor-element elementor-element-68c90c0 elementor-align-left elementor-mobile-align-justify elementor-invisible elementor-widget elementor-widget-button\" data-id=\"68c90c0\" data-element_type=\"widget\" data-e-type=\"widget\" data-settings=\"{&quot;_animation&quot;:&quot;fadeIn&quot;,&quot;_animation_delay&quot;:300}\" data-widget_type=\"button.default\">\n\t\t\t\t<div class=\"elementor-widget-container\">\n\t\t\t\t\t\t\t\t\t<div class=\"elementor-button-wrapper\">\n\t\t\t\t\t<a class=\"elementor-button elementor-button-link elementor-size-sm elementor-animation-grow\" href=\"https:\/\/tourismer.io\/outstanding-local-initiatives\/\" target=\"_blank\" rel=\"noopener\">\n\t\t\t\t\t\t<span class=\"elementor-button-content-wrapper\">\n\t\t\t\t\t\t<span class=\"elementor-button-icon\">\n\t\t\t\t<svg aria-hidden=\"true\" class=\"e-font-icon-svg e-far-arrow-alt-circle-right\" viewbox=\"0 0 512 512\" xmlns=\"http:\/\/www.w3.org\/2000\/svg\"><path d=\"M504 256C504 119 393 8 256 8S8 119 8 256s111 248 248 248 248-111 248-248zm-448 0c0-110.5 89.5-200 200-200s200 89.5 200 200-89.5 200-200 200S56 366.5 56 256zm72 20v-40c0-6.6 5.4-12 12-12h116v-67c0-10.7 12.9-16 20.5-8.5l99 99c4.7 4.7 4.7 12.3 0 17l-99 99c-7.6 7.6-20.5 2.2-20.5-8.5v-67H140c-6.6 0-12-5.4-12-12z\"><\/path><\/svg>\t\t\t<\/span>\n\t\t\t\t\t\t\t\t\t<span class=\"elementor-button-text\">Find out <\/span>\n\t\t\t\t\t<\/span>\n\t\t\t\t\t<\/a>\n\t\t\t\t<\/div>\n\t\t\t\t\t\t\t\t<\/div>\n\t\t\t\t<\/div>\n\t\t\t\t\t<\/div>\n\t\t\t\t<\/div>\n\t\t\t\t<section class=\"elementor-section elementor-top-section elementor-element elementor-element-35c159c elementor-section-boxed elementor-section-height-default elementor-section-height-default wpr-particle-no wpr-jarallax-no wpr-parallax-no wpr-sticky-section-no wpr-equal-height-no\" data-id=\"35c159c\" data-element_type=\"section\" data-e-type=\"section\" data-settings=\"{&quot;background_background&quot;:&quot;classic&quot;}\">\n\t\t\t\t\t\t\t<div class=\"elementor-background-overlay\"><\/div>\n\t\t\t\t\t\t\t<div class=\"elementor-container elementor-column-gap-default\">\n\t\t\t\t\t<div class=\"elementor-column elementor-col-100 elementor-top-column elementor-element elementor-element-e269861 elementor-invisible\" data-id=\"e269861\" data-element_type=\"column\" data-e-type=\"column\" data-settings=\"{&quot;animation&quot;:&quot;fadeIn&quot;}\">\n\t\t\t<div class=\"elementor-widget-wrap elementor-element-populated\">\n\t\t\t\t\t\t<div class=\"elementor-element elementor-element-ed5b0a7 elementor-invisible elementor-widget elementor-widget-heading\" data-id=\"ed5b0a7\" data-element_type=\"widget\" data-e-type=\"widget\" data-settings=\"{&quot;_animation&quot;:&quot;fadeIn&quot;}\" data-widget_type=\"heading.default\">\n\t\t\t\t<div class=\"elementor-widget-container\">\n\t\t\t\t\t<h2 class=\"elementor-heading-title elementor-size-default\">We encourage responsible travel in the Indian Ocean<\/h2>\t\t\t\t<\/div>\n\t\t\t\t<\/div>\n\t\t\t\t<div class=\"elementor-element elementor-element-f25feff elementor-widget-divider--view-line elementor-invisible elementor-widget elementor-widget-divider\" data-id=\"f25feff\" data-element_type=\"widget\" data-e-type=\"widget\" data-settings=\"{&quot;_animation&quot;:&quot;fadeInUp&quot;}\" data-widget_type=\"divider.default\">\n\t\t\t\t<div class=\"elementor-widget-container\">\n\t\t\t\t\t\t\t<div class=\"elementor-divider\">\n\t\t\t<span class=\"elementor-divider-separator\">\n\t\t\t\t\t\t<\/span>\n\t\t<\/div>\n\t\t\t\t\t\t<\/div>\n\t\t\t\t<\/div>\n\t\t\t\t<div class=\"elementor-element elementor-element-f84941c elementor-invisible elementor-widget elementor-widget-text-editor\" data-id=\"f84941c\" data-element_type=\"widget\" data-e-type=\"widget\" data-settings=\"{&quot;_animation&quot;:&quot;fadeIn&quot;,&quot;_animation_delay&quot;:100}\" data-widget_type=\"text-editor.default\">\n\t\t\t\t<div class=\"elementor-widget-container\">\n\t\t\t\t\t\t\t\t\t<p><span class=\"OYPEnA font-feature-liga-off font-feature-clig-off font-feature-calt-off text-decoration-none text-strikethrough-none\">Responsible travel in the Indian Ocean allows you to discover this region, as well as its people and culture, in an authentic way. You will have the opportunity to immerse yourself in the way of life of the inhabitants and deepen your knowledge of the neighboring countries.<\/span><\/p>\t\t\t\t\t\t\t\t<\/div>\n\t\t\t\t<\/div>\n\t\t\t\t<div class=\"elementor-element elementor-element-5702ccb elementor-align-center elementor-mobile-align-justify elementor-invisible elementor-widget elementor-widget-button\" data-id=\"5702ccb\" data-element_type=\"widget\" data-e-type=\"widget\" data-settings=\"{&quot;_animation&quot;:&quot;fadeIn&quot;,&quot;_animation_delay&quot;:300}\" data-widget_type=\"button.default\">\n\t\t\t\t<div class=\"elementor-widget-container\">\n\t\t\t\t\t\t\t\t\t<div class=\"elementor-button-wrapper\">\n\t\t\t\t\t<a class=\"elementor-button elementor-button-link elementor-size-sm elementor-animation-grow\" href=\"https:\/\/www.tourismer.org\/\" target=\"_blank\" rel=\"noopener\">\n\t\t\t\t\t\t<span class=\"elementor-button-content-wrapper\">\n\t\t\t\t\t\t\t\t\t<span class=\"elementor-button-text\">Indian Ocean Responsible Tourism<\/span>\n\t\t\t\t\t<\/span>\n\t\t\t\t\t<\/a>\n\t\t\t\t<\/div>\n\t\t\t\t\t\t\t\t<\/div>\n\t\t\t\t<\/div>\n\t\t\t\t\t<\/div>\n\t\t<\/div>\n\t\t\t\t\t<\/div>\n\t\t<\/section>\n\t\t\t\t<\/div>","protected":false},"excerpt":{"rendered":"<p>Des Initiatives Locales Remarquables TOURISMER Association\u00a0 recense des initiatives locales remarquables dans les pays de l&rsquo;Oc\u00e9an Indien en mati\u00e8re d&rsquo;\u00e9ducation, de sant\u00e9, d&rsquo;alimentation, de pr\u00e9servation de la faune et de la flore, de tourisme responsable. L&rsquo;Oc\u00e9an Indien repr\u00e9sente une v\u00e9ritable contradiction. D&rsquo;une part, il abrite des environnements magnifiques, une biodiversit\u00e9 pr\u00e9cieuse encore pr\u00e9serv\u00e9e, ainsi que des ressources et des richesses min\u00e9rales inestimables. D&rsquo;autre part, il est confront\u00e9 \u00e0 une pauvret\u00e9 persistante et \u00e0 des in\u00e9galit\u00e9s criantes. Bien que le constat soit s\u00e9v\u00e8re, il convient de souligner qu&rsquo;au-del\u00e0 de ces d\u00e9fis, de nombreuses initiatives remarquables \u00e9mergent dans divers secteurs tels que la sant\u00e9, l&rsquo;\u00e9ducation, l&rsquo;alimentation, la recherche, l&rsquo;innovation et le tourisme responsable. Voir Nous encourageons le voyage responsable dans l&rsquo;oc\u00e9an indien Un voyage responsable dans l&rsquo;Oc\u00e9an Indien vous permet de d\u00e9couvrir cette r\u00e9gion, ainsi que son peuple et sa culture, de mani\u00e8re authentique. Vous aurez l&rsquo;opportunit\u00e9 de vous immerger dans le mode de vie des habitants et d&rsquo;approfondir vos connaissances sur les pays riverains. voyage responsable dans l&rsquo;oc\u00e9an indien<\/p>","protected":false},"author":1,"featured_media":0,"parent":0,"menu_order":0,"comment_status":"closed","ping_status":"closed","template":"elementor_canvas","meta":{"footnotes":""},"class_list":["post-81","page","type-page","status-publish","hentry"],"_links":{"self":[{"href":"https:\/\/tourismer-asso.org\/en\/wp-json\/wp\/v2\/pages\/81","targetHints":{"allow":["GET"]}}],"collection":[{"href":"https:\/\/tourismer-asso.org\/en\/wp-json\/wp\/v2\/pages"}],"about":[{"href":"https:\/\/tourismer-asso.org\/en\/wp-json\/wp\/v2\/types\/page"}],"author":[{"embeddable":true,"href":"https:\/\/tourismer-asso.org\/en\/wp-json\/wp\/v2\/users\/1"}],"replies":[{"embeddable":true,"href":"https:\/\/tourismer-asso.org\/en\/wp-json\/wp\/v2\/comments?post=81"}],"version-history":[{"count":0,"href":"https:\/\/tourismer-asso.org\/en\/wp-json\/wp\/v2\/pages\/81\/revisions"}],"wp:attachment":[{"href":"https:\/\/tourismer-asso.org\/en\/wp-json\/wp\/v2\/media?parent=81"}],"curies":[{"name":"wp","href":"https:\/\/api.w.org\/{rel}","templated":true}]}}